{"id":12133,"date":"2015-11-19T07:29:50","date_gmt":"2015-11-19T07:29:50","guid":{"rendered":"https:\/\/www.multiprosystem.eu\/vana\/\/?page_id=12133"},"modified":"2016-12-29T14:37:34","modified_gmt":"2016-12-29T14:37:34","slug":"puidukaitsevahendid","status":"publish","type":"page","link":"https:\/\/www.multiprosystem.eu\/vana\/et\/puidukaitsevahendid\/","title":{"rendered":"Puidukaitsevahendid"},"content":{"rendered":"<\/div><\/div><\/div><!-- close content main div --><\/div><\/div><div id='av_section_1' class='avia-section main_color avia-section-default avia-no-shadow avia-full-stretch av-parallax-section av-section-color-overlay-active avia-bg-style-parallax  av-minimum-height av-minimum-height-50 container_wrap fullsize'  data-section-bg-repeat='stretch' ><div class='av-parallax' data-avia-parallax-ratio='0.3' ><div class='av-parallax-inner main_color  avia-full-stretch' style = 'background-repeat: no-repeat; background-image: url(https:\/\/www.multiprosystem.eu\/vana\/wp-content\/uploads\/2015\/02\/photo-22-of-23-copy1.jpg); background-attachment: scroll; background-position: center center; ' ><\/div><\/div><div class='av-section-color-overlay-wrap'><div class='av-section-color-overlay' style='opacity: 0.5; background-color: #272727; '><\/div><div class='container' ><div class='template-page content  av-content-full alpha units'><div class='post-entry post-entry-type-page post-entry-12133'><div class='entry-content-wrapper clearfix'>\n<div style='padding-bottom:0px;color:#ffffff;font-size:50px;' class='av-special-heading av-special-heading-h1 custom-color-heading blockquote modern-quote modern-centered  av-inherit-size'><h1 class='av-special-heading-tag'  itemprop=\"headline\"  >Puidukaitsevahendid<\/h1><div class ='av-subheading av-subheading_below av_custom_color' style='font-size:15px;'><p>MultiPro Systemi toodetavad puidukaitsevahendid tagavad suurep\u00e4rase kaitse bioloogiliste riskide (hallitus, m\u00e4danik, k\u00f5dunemine, seened, kahjurid)<br \/>\nvastu, olles samas sihtotstarbelisel kasutamisel inimesele ja keskkonnale ohutu.<\/p>\n<\/div><div class='special-heading-border'><div class='special-heading-inner-border' style='border-color:#ffffff'><\/div><\/div><\/div>\n<div style=' margin-top:30px; margin-bottom:30px;'  class='hr hr-custom hr-center hr-icon-yes '><span class='hr-inner   inner-border-av-border-thin' style=' width:20%; border-color:rgba(255,255,255,0.76);' ><span class='hr-inner-style'><\/span><\/span><span class='av-seperator-icon' style='color:#ffffff;' aria-hidden='true' data-av_icon='\ue8bf' data-av_iconfont='entypo-fontello'><\/span><span class='hr-inner   inner-border-av-border-thin' style=' width:20%; border-color:rgba(255,255,255,0.76);' ><span class='hr-inner-style'><\/span><\/span><\/div>\n\n<\/div><\/div><\/div><!-- close content main div --><\/div><\/div><\/div><div id='ettevottest' class='avia-section main_color avia-section-default avia-shadow avia-bg-style-scroll  container_wrap fullsize' style = 'background-color: #ffffff; background-color: #ffffff; '  ><div class='container' ><div class='template-page content  av-content-full alpha units'><div class='post-entry post-entry-type-page post-entry-12133'><div class='entry-content-wrapper clearfix'>\n<div class=\"flex_column av_one_half  flex_column_div av-zero-column-padding first  \" style='border-radius:0px; '><p><section class=\"av_textblock_section\"  itemscope=\"itemscope\" itemtype=\"https:\/\/schema.org\/CreativeWork\" ><div class='avia_textblock '   itemprop=\"text\" ><p>MultiPro Systemi toodetavad puidukaitsevahendid tagavad suurep\u00e4rase kaitse bioloogiliste riskide (hallitus, m\u00e4danik, k\u00f5dunemine, seened, kahjurid) vastu, olles samas sihtotstarbelisel kasutamisel\u00a0 inimesele ja keskkonnale ohutud.<\/p>\n<\/div><\/section><br \/>\n<div class='avia-button-wrap avia-button-center '><a href='https:\/\/www.multiprosystem.eu\/vana\/et\/#kontakt' class='avia-button  avia-icon_select-no avia-color-theme-color avia-size-small avia-position-center '   ><span class='avia_iconbox_title' >V\u00f5ta meiega \u00fchendust<\/span><\/a><\/div><\/p><\/div><div class=\"flex_column av_one_half  flex_column_div av-zero-column-padding   \" style='border-radius:0px; '><div class='avia-image-container  av-styling-   avia-align-center '  itemscope=\"itemscope\" itemtype=\"https:\/\/schema.org\/ImageObject\"  ><div class='avia-image-container-inner'><img class='avia_image ' src='https:\/\/www.multiprosystem.eu\/vana\/wp-content\/uploads\/2015\/11\/photo-17-of-23.jpg' alt='' title='photo (17 of 23)'   itemprop=\"contentURL\"  \/><\/div><\/div><\/div>\n","protected":false},"excerpt":{"rendered":"","protected":false},"author":1,"featured_media":0,"parent":0,"menu_order":0,"comment_status":"closed","ping_status":"closed","template":"","meta":{"footnotes":""},"class_list":["post-12133","page","type-page","status-publish","hentry"],"yoast_head":"<!-- This site is optimized with the Yoast SEO plugin v15.3 - https:\/\/yoast.com\/wordpress\/plugins\/seo\/ -->\n<meta name=\"description\" content=\"Puidukaitsevahendid, mis tagavad suurep\u00e4rase kaitse hallituse, m\u00e4danike, k\u00f5dunemise, seente ja kahjurite vastu, olles samas inimesele ja keskkonnale ohutud.\" \/>\n<meta name=\"robots\" content=\"index, follow, max-snippet:-1, max-image-preview:large, max-video-preview:-1\" \/>\n<link rel=\"canonical\" href=\"https:\/\/www.multiprosystem.eu\/vana\/et\/puidukaitsevahendid\/\" \/>\n<meta property=\"og:locale\" content=\"et_EE\" \/>\n<meta property=\"og:type\" content=\"article\" \/>\n<meta property=\"og:title\" content=\"Puidukaitsevahendid | MultiPro System O\u00dc\" \/>\n<meta property=\"og:description\" content=\"Puidukaitsevahendid, mis tagavad suurep\u00e4rase kaitse hallituse, m\u00e4danike, k\u00f5dunemise, seente ja kahjurite vastu, olles samas inimesele ja keskkonnale ohutud.\" \/>\n<meta property=\"og:url\" content=\"https:\/\/www.multiprosystem.eu\/vana\/et\/puidukaitsevahendid\/\" \/>\n<meta property=\"og:site_name\" content=\"MultiPro System O\u00dc\" \/>\n<meta property=\"article:modified_time\" content=\"2016-12-29T14:37:34+00:00\" \/>\n<meta name=\"twitter:card\" content=\"summary_large_image\" \/>\n<meta name=\"twitter:label1\" content=\"Written by\">\n\t<meta name=\"twitter:data1\" content=\"admin\">\n\t<meta name=\"twitter:label2\" content=\"Est. reading time\">\n\t<meta name=\"twitter:data2\" content=\"2 minutit\">\n<script type=\"application\/ld+json\" class=\"yoast-schema-graph\">{\"@context\":\"https:\/\/schema.org\",\"@graph\":[{\"@type\":\"WebSite\",\"@id\":\"https:\/\/www.multiprosystem.eu\/vana\/et\/#website\",\"url\":\"https:\/\/www.multiprosystem.eu\/vana\/et\/\",\"name\":\"MultiPro System O\\u00dc\",\"description\":\"Top-of-the-line fire retardants\",\"potentialAction\":[{\"@type\":\"SearchAction\",\"target\":\"https:\/\/www.multiprosystem.eu\/vana\/et\/?s={search_term_string}\",\"query-input\":\"required name=search_term_string\"}],\"inLanguage\":\"et\"},{\"@type\":\"WebPage\",\"@id\":\"https:\/\/www.multiprosystem.eu\/vana\/et\/puidukaitsevahendid\/#webpage\",\"url\":\"https:\/\/www.multiprosystem.eu\/vana\/et\/puidukaitsevahendid\/\",\"name\":\"Puidukaitsevahendid | MultiPro System O\\u00dc\",\"isPartOf\":{\"@id\":\"https:\/\/www.multiprosystem.eu\/vana\/et\/#website\"},\"datePublished\":\"2015-11-19T07:29:50+00:00\",\"dateModified\":\"2016-12-29T14:37:34+00:00\",\"description\":\"Puidukaitsevahendid, mis tagavad suurep\\u00e4rase kaitse hallituse, m\\u00e4danike, k\\u00f5dunemise, seente ja kahjurite vastu, olles samas inimesele ja keskkonnale ohutud.\",\"inLanguage\":\"et\",\"potentialAction\":[{\"@type\":\"ReadAction\",\"target\":[\"https:\/\/www.multiprosystem.eu\/vana\/et\/puidukaitsevahendid\/\"]}]}]}<\/script>\n<!-- \/ Yoast SEO plugin. -->","amp_validity":null,"amp_enabled":true,"_links":{"self":[{"href":"https:\/\/www.multiprosystem.eu\/vana\/et\/wp-json\/wp\/v2\/pages\/12133","targetHints":{"allow":["GET"]}}],"collection":[{"href":"https:\/\/www.multiprosystem.eu\/vana\/et\/wp-json\/wp\/v2\/pages"}],"about":[{"href":"https:\/\/www.multiprosystem.eu\/vana\/et\/wp-json\/wp\/v2\/types\/page"}],"author":[{"embeddable":true,"href":"https:\/\/www.multiprosystem.eu\/vana\/et\/wp-json\/wp\/v2\/users\/1"}],"replies":[{"embeddable":true,"href":"https:\/\/www.multiprosystem.eu\/vana\/et\/wp-json\/wp\/v2\/comments?post=12133"}],"version-history":[{"count":12,"href":"https:\/\/www.multiprosystem.eu\/vana\/et\/wp-json\/wp\/v2\/pages\/12133\/revisions"}],"predecessor-version":[{"id":12769,"href":"https:\/\/www.multiprosystem.eu\/vana\/et\/wp-json\/wp\/v2\/pages\/12133\/revisions\/12769"}],"wp:attachment":[{"href":"https:\/\/www.multiprosystem.eu\/vana\/et\/wp-json\/wp\/v2\/media?parent=12133"}],"curies":[{"name":"wp","href":"https:\/\/api.w.org\/{rel}","templated":true}]}}