{"id":12860,"date":"2017-05-04T09:58:14","date_gmt":"2017-05-04T09:58:14","guid":{"rendered":"https:\/\/www.multiprosystem.eu\/vana\/?page_id=12860"},"modified":"2017-05-16T08:07:02","modified_gmt":"2017-05-16T08:07:02","slug":"termopuit","status":"publish","type":"page","link":"https:\/\/www.multiprosystem.eu\/vana\/et\/tuletokkevahendid\/termopuit\/","title":{"rendered":"Tulet\u00f5kkevahend termopuidule"},"content":{"rendered":"<\/div><\/div><\/div><!-- close content main div --><\/div><\/div><div id='av_section_1' class='avia-section main_color avia-section-default avia-no-shadow avia-full-stretch av-parallax-section av-section-color-overlay-active avia-bg-style-parallax  av-minimum-height av-minimum-height-50 container_wrap fullsize'  data-section-bg-repeat='stretch' ><div class='av-parallax' data-avia-parallax-ratio='0.3' ><div class='av-parallax-inner main_color  avia-full-stretch' style = 'background-repeat: no-repeat; background-image: url(https:\/\/www.multiprosystem.eu\/vana\/wp-content\/uploads\/2015\/02\/photo-22-of-23-copy1.jpg); background-attachment: scroll; background-position: center center; ' ><\/div><\/div><div class='av-section-color-overlay-wrap'><div class='av-section-color-overlay' style='opacity: 0.5; background-color: #272727; '><\/div><div class='container' ><div class='template-page content  av-content-full alpha units'><div class='post-entry post-entry-type-page post-entry-12860'><div class='entry-content-wrapper clearfix'>\n<div style='padding-bottom:0px;color:#ffffff;font-size:50px;' class='av-special-heading av-special-heading-h3 custom-color-heading blockquote modern-quote modern-centered  av-inherit-size'><h3 class='av-special-heading-tag'  itemprop=\"headline\"  >Tulet\u00f5kkevahend termopuidule<\/h3><div class ='av-subheading av-subheading_below av_custom_color' style='font-size:15px;'><p>Termopuit ehk t\u00e4psemalt termiliselt modifitseeritud puit on nii Eestis kui mujal maailmas kasutusel olnud juba pikki aastaid. Samas polnud siiani termopuidu tulekaitse jaoks olemas immutusvahendit, mis ka ilma surveimmutuseta annaks klassi B-s1,d0. N\u00fc\u00fcd on MultiPro System v\u00e4lja t\u00f6\u00f6tanud ja sertifitseerinud esimese spetsiaalselt termopuidule m\u00f5eldud k\u00f5rgeima, B-s1,d0 klassi tulet\u00f5kke-immutusvahendi Ultra-TW.<\/p>\n<\/div><div class='special-heading-border'><div class='special-heading-inner-border' style='border-color:#ffffff'><\/div><\/div><\/div>\n<div style=' margin-top:30px; margin-bottom:30px;'  class='hr hr-custom hr-center hr-icon-yes '><span class='hr-inner   inner-border-av-border-thin' style=' width:20%; border-color:rgba(255,255,255,0.76);' ><span class='hr-inner-style'><\/span><\/span><span class='av-seperator-icon' style='color:#ffffff;' aria-hidden='true' data-av_icon='\ue8bf' data-av_iconfont='entypo-fontello'><\/span><span class='hr-inner   inner-border-av-border-thin' style=' width:20%; border-color:rgba(255,255,255,0.76);' ><span class='hr-inner-style'><\/span><\/span><\/div>\n<\/div><\/div><\/div><!-- close content main div --><\/div><\/div><\/div><div id='ettevottest' class='avia-section main_color avia-section-default avia-shadow avia-bg-style-scroll  container_wrap fullsize' style = 'background-color: #ffffff; background-color: #ffffff; '  ><div class='container' ><div class='template-page content  av-content-full alpha units'><div class='post-entry post-entry-type-page post-entry-12860'><div class='entry-content-wrapper clearfix'>\n<div class=\"flex_column av_one_half  flex_column_div av-zero-column-padding first  \" style='border-radius:0px; '><section class=\"av_textblock_section\"  itemscope=\"itemscope\" itemtype=\"https:\/\/schema.org\/CreativeWork\" ><div class='avia_textblock '   itemprop=\"text\" ><p>Termot\u00f6\u00f6deldud puidu e. termopuidu valmistamiseks t\u00f6\u00f6deldakse puitu k\u00f5rgema kui 170 C temperatuuri juures. Selle protsessi tagaj\u00e4rjel paranevad puidu pehkimis- ja ilmastikukindlus ning soojusisoleerivus ja niiskuspaisumine. K\u00f5rgel temperatuuril eraldub puidust ka vaik.<\/p>\n<p>Termopuit sobib h\u00e4sti nii sise- kui v\u00e4lisvooderduseks, terrassi- ja p\u00f5randalauaks, m\u00f6\u00f6bliesemete ning sisustuse valmistamiseks. Termiline t\u00f6\u00f6tlemine parandab puidu biokindlust ja teeb selle eriti sobivaks v\u00e4listingimustes kasutamiseks. Niiskuskindluse t\u00f5ttu on termopuit leidnud laialdast kasutamist saunade siseviimistluses.<\/p>\n<p>Selline puidu ja selle omaduste muutmine t\u00e4hendab aga, et termopuit vajab spetsiaalset tulet\u00f5kkevahendit, mis peab olema justnimelt termopuidu peal testitud sertifitseeritud. Tavapuidule v\u00e4lja antud tulet\u00f5kkevahendite sertifikaadid termopuidu puhul ei kehti.<\/p>\n<p>Ultra-TW on esimene termopuidu tulet\u00f5kkevahend, mis sobib pealekandmiseks ka ilma surveimmutuseta. Seda saab termopuidule kanda nii pihusti, rulliku kui pintsliga, ning ka sissekastmise teel. Samuti sobib Ultra-TW ka kasutamiseks \u00a0v\u00e4rvimismasinates ning surveimmutuseks autoklaavis.<\/p>\n<p>Ultra-Twga immutamine ei muuda termopuidu v\u00e4ljan\u00e4gemist \u2013 t\u00f6\u00f6deldud pind j\u00e4\u00e4b v\u00e4lja paistma samasugune nagu t\u00f6\u00f6tlemata termopuit.<\/p>\n<p>T\u00e4psema info saaamiseks Ultra-TW kohta palun <a href=\"https:\/\/www.multiprosystem.euet\/#kontakt\">v\u00f5tke meiega \u00fchendust<\/a>.<\/p>\n<\/div><\/section><\/div><div class=\"flex_column av_one_half  flex_column_div av-zero-column-padding   \" style='border-radius:0px; '><div class='avia-image-container  av-styling-   avia-align-center '  itemscope=\"itemscope\" itemtype=\"https:\/\/schema.org\/ImageObject\"  ><div class='avia-image-container-inner'><img class='avia_image ' src='https:\/\/www.multiprosystem.eu\/vana\/wp-content\/uploads\/2015\/11\/photo-2-of-23.jpg' alt='' title='photo (2 of 23)'   itemprop=\"contentURL\"  \/><\/div><\/div><\/div><\/p>\n","protected":false},"excerpt":{"rendered":"","protected":false},"author":1,"featured_media":0,"parent":11390,"menu_order":0,"comment_status":"closed","ping_status":"closed","template":"","meta":{"footnotes":""},"class_list":["post-12860","page","type-page","status-publish","hentry"],"yoast_head":"<!-- This site is optimized with the Yoast SEO plugin v15.3 - https:\/\/yoast.com\/wordpress\/plugins\/seo\/ -->\n<meta name=\"robots\" content=\"index, follow, max-snippet:-1, max-image-preview:large, max-video-preview:-1\" \/>\n<link rel=\"canonical\" href=\"https:\/\/www.multiprosystem.eu\/vana\/et\/tuletokkevahendid\/termopuit\/\" \/>\n<meta property=\"og:locale\" content=\"et_EE\" \/>\n<meta property=\"og:type\" content=\"article\" \/>\n<meta property=\"og:title\" content=\"Tulet\u00f5kkevahend termopuidule - MultiPro System O\u00dc\" \/>\n<meta property=\"og:url\" content=\"https:\/\/www.multiprosystem.eu\/vana\/et\/tuletokkevahendid\/termopuit\/\" \/>\n<meta property=\"og:site_name\" content=\"MultiPro System O\u00dc\" \/>\n<meta property=\"article:modified_time\" content=\"2017-05-16T08:07:02+00:00\" \/>\n<meta name=\"twitter:card\" content=\"summary_large_image\" \/>\n<meta name=\"twitter:label1\" content=\"Written by\">\n\t<meta name=\"twitter:data1\" content=\"admin\">\n\t<meta name=\"twitter:label2\" content=\"Est. reading time\">\n\t<meta name=\"twitter:data2\" content=\"2 minutit\">\n<script type=\"application\/ld+json\" class=\"yoast-schema-graph\">{\"@context\":\"https:\/\/schema.org\",\"@graph\":[{\"@type\":\"WebSite\",\"@id\":\"https:\/\/multiprosystem.eu\/vana\/#website\",\"url\":\"https:\/\/multiprosystem.eu\/vana\/\",\"name\":\"MultiPro System O\\u00dc\",\"description\":\"Top-of-the-line fire retardants\",\"potentialAction\":[{\"@type\":\"SearchAction\",\"target\":\"https:\/\/multiprosystem.eu\/vana\/?s={search_term_string}\",\"query-input\":\"required name=search_term_string\"}],\"inLanguage\":\"et\"},{\"@type\":\"WebPage\",\"@id\":\"https:\/\/www.multiprosystem.eu\/vana\/et\/tuletokkevahendid\/termopuit\/#webpage\",\"url\":\"https:\/\/www.multiprosystem.eu\/vana\/et\/tuletokkevahendid\/termopuit\/\",\"name\":\"Tulet\\u00f5kkevahend termopuidule - MultiPro System O\\u00dc\",\"isPartOf\":{\"@id\":\"https:\/\/multiprosystem.eu\/vana\/#website\"},\"datePublished\":\"2017-05-04T09:58:14+00:00\",\"dateModified\":\"2017-05-16T08:07:02+00:00\",\"inLanguage\":\"et\",\"potentialAction\":[{\"@type\":\"ReadAction\",\"target\":[\"https:\/\/www.multiprosystem.eu\/vana\/et\/tuletokkevahendid\/termopuit\/\"]}]}]}<\/script>\n<!-- \/ Yoast SEO plugin. -->","amp_validity":null,"amp_enabled":true,"_links":{"self":[{"href":"https:\/\/www.multiprosystem.eu\/vana\/et\/wp-json\/wp\/v2\/pages\/12860","targetHints":{"allow":["GET"]}}],"collection":[{"href":"https:\/\/www.multiprosystem.eu\/vana\/et\/wp-json\/wp\/v2\/pages"}],"about":[{"href":"https:\/\/www.multiprosystem.eu\/vana\/et\/wp-json\/wp\/v2\/types\/page"}],"author":[{"embeddable":true,"href":"https:\/\/www.multiprosystem.eu\/vana\/et\/wp-json\/wp\/v2\/users\/1"}],"replies":[{"embeddable":true,"href":"https:\/\/www.multiprosystem.eu\/vana\/et\/wp-json\/wp\/v2\/comments?post=12860"}],"version-history":[{"count":4,"href":"https:\/\/www.multiprosystem.eu\/vana\/et\/wp-json\/wp\/v2\/pages\/12860\/revisions"}],"predecessor-version":[{"id":12950,"href":"https:\/\/www.multiprosystem.eu\/vana\/et\/wp-json\/wp\/v2\/pages\/12860\/revisions\/12950"}],"up":[{"embeddable":true,"href":"https:\/\/www.multiprosystem.eu\/vana\/et\/wp-json\/wp\/v2\/pages\/11390"}],"wp:attachment":[{"href":"https:\/\/www.multiprosystem.eu\/vana\/et\/wp-json\/wp\/v2\/media?parent=12860"}],"curies":[{"name":"wp","href":"https:\/\/api.w.org\/{rel}","templated":true}]}}