{"id":12555,"date":"2015-10-03T00:49:42","date_gmt":"2015-10-03T00:49:42","guid":{"rendered":"https:\/\/www.multiprosystem.eu\/vana\/\/?page_id=12555"},"modified":"2016-05-10T09:00:54","modified_gmt":"2016-05-10T09:00:54","slug":"tuletokkevahendid","status":"publish","type":"page","link":"https:\/\/www.multiprosystem.eu\/vana\/fi\/tuletokkevahendid\/","title":{"rendered":"Palonestoaineet"},"content":{"rendered":"<\/div><\/div><\/div><!-- close content main div --><\/div><\/div><div id='av_section_1' class='avia-section main_color avia-section-default avia-no-shadow avia-full-stretch av-parallax-section av-section-color-overlay-active avia-bg-style-parallax  av-minimum-height av-minimum-height-50 container_wrap fullsize'  data-section-bg-repeat='stretch' ><div class='av-parallax' data-avia-parallax-ratio='0.3' ><div class='av-parallax-inner main_color  avia-full-stretch' style = 'background-repeat: no-repeat; background-image: url(https:\/\/www.multiprosystem.eu\/vana\/wp-content\/uploads\/2015\/02\/photo-22-of-23-copy1.jpg); background-attachment: scroll; background-position: center center; ' ><\/div><\/div><div class='av-section-color-overlay-wrap'><div class='av-section-color-overlay' style='opacity: 0.5; background-color: #272727; '><\/div><div class='container' ><div class='template-page content  av-content-full alpha units'><div class='post-entry post-entry-type-page post-entry-12555'><div class='entry-content-wrapper clearfix'>\n<div style='padding-bottom:0px;color:#ffffff;font-size:50px;' class='av-special-heading av-special-heading-h3 custom-color-heading blockquote modern-quote modern-centered  av-inherit-size'><h3 class='av-special-heading-tag'  itemprop=\"headline\"  >Palonestoaineet<\/h3><div class ='av-subheading av-subheading_below av_custom_color' style='font-size:15px;'><p>Texterior ja Ultra ovat korkeimman luokan B-s1,d0 vesipohjaiset kyll\u00e4steet, joissa on useita etuja muihin samanlaisiin tuotteisiin verrattuna.<\/p>\n<\/div><div class='special-heading-border'><div class='special-heading-inner-border' style='border-color:#ffffff'><\/div><\/div><\/div>\n<div style=' margin-top:30px; margin-bottom:30px;'  class='hr hr-custom hr-center hr-icon-yes '><span class='hr-inner   inner-border-av-border-thin' style=' width:20%; border-color:rgba(255,255,255,0.76);' ><span class='hr-inner-style'><\/span><\/span><span class='av-seperator-icon' style='color:#ffffff;' aria-hidden='true' data-av_icon='\ue8bf' data-av_iconfont='entypo-fontello'><\/span><span class='hr-inner   inner-border-av-border-thin' style=' width:20%; border-color:rgba(255,255,255,0.76);' ><span class='hr-inner-style'><\/span><\/span><\/div>\n\n<\/div><\/div><\/div><!-- close content main div --><\/div><\/div><\/div><div id='ettevottest' class='avia-section main_color avia-section-default avia-shadow avia-bg-style-scroll  container_wrap fullsize' style = 'background-color: #ffffff; background-color: #ffffff; '  ><div class='container' ><div class='template-page content  av-content-full alpha units'><div class='post-entry post-entry-type-page post-entry-12555'><div class='entry-content-wrapper clearfix'>\n<div class=\"flex_column av_one_half  flex_column_div av-zero-column-padding first  \" style='border-radius:0px; '><section class=\"av_textblock_section\"  itemscope=\"itemscope\" itemtype=\"https:\/\/schema.org\/CreativeWork\" ><div class='avia_textblock '   itemprop=\"text\" ><p>Texterior ja Ultra ovat korkeimman luokan B-s1,d0 vesipohjaiset kyll\u00e4steet, joissa on useita etuja muihin samanlaisiin tuotteisiin verrattuna. Molemmat tuotteet ovat:<\/p>\n<ul>\n<li><strong>K\u00e4ytt\u00e4j\u00e4n ja ymp\u00e4rist\u00f6n kannalta turvallisia<\/strong> \u2013 Ultran ja Texteriorin koostumuksessa ei ole halogeeneja eik\u00e4 myrkyllisi\u00e4, sy\u00f6p\u00e4\u00e4 aiheuttavia tai vaarallisiksi luokiteltuja aineita.<\/li>\n<li><strong>Helppok\u00e4ytt\u00f6isi\u00e4<\/strong> \u2013 voidaan k\u00e4ytt\u00e4\u00e4 teollisesti (maalauskoneessa tai autoklaavissa) tai manuaalisesti (pensselill\u00e4, ruiskulla, telalla). Soveltuvat jo asennettujen rakenteiden, mm. julkisivujen yms., k\u00e4sittelemiseen.<\/li>\n<li><strong>Eiv\u00e4t vaadi syv\u00e4kyll\u00e4styst\u00e4 <\/strong>autoklaavissa (vaikka niit\u00e4 voidaan autoklaavissa k\u00e4ytt\u00e4\u00e4).<\/li>\n<li>K\u00e4sitellyn puupinnan <strong>luonnollinen kuvio<\/strong> s\u00e4ilyy ennallaan.<\/li>\n<\/ul>\n<p><strong>Texterior<\/strong><strong> tarjoaa lis\u00e4ksi erinomaisen suojan biologisten riskien (homehtuminen, lahoaminen, sienet, termiitit) varalta.<\/strong><\/p>\n<p><strong>Ultra <\/strong><strong>on muita palonestoaineita, joita ei tarvitse painekyll\u00e4st\u00e4\u00e4, huomattavasti tehokkaampi. T\u00e4ll\u00e4 aineella k\u00e4sitelty pinta on kaksinkertaisesti suojattu \u2013 puun pinta alkaa hiiltymisen aikaan saaman suojakerroksen lis\u00e4ksi my\u00f6s<\/strong> \u2019kuplia\u2019, syntyy l\u00e4mp\u00f6paisuvien palonestomaalien tehoa muistuttava ilmi\u00f6.<\/p>\n<\/div><\/section><\/div><div class=\"flex_column av_one_half  flex_column_div av-zero-column-padding   \" style='border-radius:0px; '><div class='avia-image-container  av-styling-   avia-align-center '  itemscope=\"itemscope\" itemtype=\"https:\/\/schema.org\/ImageObject\"  ><div class='avia-image-container-inner'><img class='avia_image ' src='https:\/\/www.multiprosystem.eu\/vana\/wp-content\/uploads\/2015\/11\/photo-2-of-23.jpg' alt='' title='photo (2 of 23)'   itemprop=\"contentURL\"  \/><\/div><\/div><\/div>\n","protected":false},"excerpt":{"rendered":"","protected":false},"author":1,"featured_media":0,"parent":0,"menu_order":0,"comment_status":"closed","ping_status":"closed","template":"","meta":{"footnotes":""},"class_list":["post-12555","page","type-page","status-publish","hentry"],"yoast_head":"<!-- This site is optimized with the Yoast SEO plugin v15.3 - https:\/\/yoast.com\/wordpress\/plugins\/seo\/ -->\n<meta name=\"robots\" content=\"index, follow, max-snippet:-1, max-image-preview:large, max-video-preview:-1\" \/>\n<link rel=\"canonical\" href=\"https:\/\/www.multiprosystem.eu\/vana\/fi\/tuletokkevahendid\/\" \/>\n<meta property=\"og:locale\" content=\"fi_FI\" \/>\n<meta property=\"og:type\" content=\"article\" \/>\n<meta property=\"og:title\" content=\"Palonestoaineet - MultiPro System O\u00dc\" \/>\n<meta property=\"og:url\" content=\"https:\/\/www.multiprosystem.eu\/vana\/fi\/tuletokkevahendid\/\" \/>\n<meta property=\"og:site_name\" content=\"MultiPro System O\u00dc\" \/>\n<meta property=\"article:modified_time\" content=\"2016-05-10T09:00:54+00:00\" \/>\n<meta name=\"twitter:card\" content=\"summary_large_image\" \/>\n<meta name=\"twitter:label1\" content=\"Written by\">\n\t<meta name=\"twitter:data1\" content=\"admin\">\n\t<meta name=\"twitter:label2\" content=\"Est. reading time\">\n\t<meta name=\"twitter:data2\" content=\"2 minuuttia\">\n<script type=\"application\/ld+json\" class=\"yoast-schema-graph\">{\"@context\":\"https:\/\/schema.org\",\"@graph\":[{\"@type\":\"WebSite\",\"@id\":\"https:\/\/www.multiprosystem.eu\/vana\/et\/#website\",\"url\":\"https:\/\/www.multiprosystem.eu\/vana\/et\/\",\"name\":\"MultiPro System O\\u00dc\",\"description\":\"Top-of-the-line fire retardants\",\"potentialAction\":[{\"@type\":\"SearchAction\",\"target\":\"https:\/\/www.multiprosystem.eu\/vana\/et\/?s={search_term_string}\",\"query-input\":\"required name=search_term_string\"}],\"inLanguage\":\"fi\"},{\"@type\":\"WebPage\",\"@id\":\"https:\/\/www.multiprosystem.eu\/vana\/fi\/tuletokkevahendid\/#webpage\",\"url\":\"https:\/\/www.multiprosystem.eu\/vana\/fi\/tuletokkevahendid\/\",\"name\":\"Palonestoaineet - MultiPro System O\\u00dc\",\"isPartOf\":{\"@id\":\"https:\/\/www.multiprosystem.eu\/vana\/et\/#website\"},\"datePublished\":\"2015-10-03T00:49:42+00:00\",\"dateModified\":\"2016-05-10T09:00:54+00:00\",\"inLanguage\":\"fi\",\"potentialAction\":[{\"@type\":\"ReadAction\",\"target\":[\"https:\/\/www.multiprosystem.eu\/vana\/fi\/tuletokkevahendid\/\"]}]}]}<\/script>\n<!-- \/ Yoast SEO plugin. -->","amp_validity":null,"amp_enabled":true,"_links":{"self":[{"href":"https:\/\/www.multiprosystem.eu\/vana\/fi\/wp-json\/wp\/v2\/pages\/12555","targetHints":{"allow":["GET"]}}],"collection":[{"href":"https:\/\/www.multiprosystem.eu\/vana\/fi\/wp-json\/wp\/v2\/pages"}],"about":[{"href":"https:\/\/www.multiprosystem.eu\/vana\/fi\/wp-json\/wp\/v2\/types\/page"}],"author":[{"embeddable":true,"href":"https:\/\/www.multiprosystem.eu\/vana\/fi\/wp-json\/wp\/v2\/users\/1"}],"replies":[{"embeddable":true,"href":"https:\/\/www.multiprosystem.eu\/vana\/fi\/wp-json\/wp\/v2\/comments?post=12555"}],"version-history":[{"count":5,"href":"https:\/\/www.multiprosystem.eu\/vana\/fi\/wp-json\/wp\/v2\/pages\/12555\/revisions"}],"predecessor-version":[{"id":12738,"href":"https:\/\/www.multiprosystem.eu\/vana\/fi\/wp-json\/wp\/v2\/pages\/12555\/revisions\/12738"}],"wp:attachment":[{"href":"https:\/\/www.multiprosystem.eu\/vana\/fi\/wp-json\/wp\/v2\/media?parent=12555"}],"curies":[{"name":"wp","href":"https:\/\/api.w.org\/{rel}","templated":true}]}}