{"id":12974,"date":"2017-05-04T09:57:46","date_gmt":"2017-05-04T09:57:46","guid":{"rendered":"https:\/\/www.multiprosystem.eu\/vana\/accoya-2\/"},"modified":"2017-06-27T05:53:04","modified_gmt":"2017-06-27T05:53:04","slug":"accoya","status":"publish","type":"page","link":"https:\/\/www.multiprosystem.eu\/vana\/ru\/tuletokkevahendid\/accoya\/","title":{"rendered":"Tulet\u00f5kkevahend Accoyale"},"content":{"rendered":"<\/div><\/div><\/div><!-- close content main div --><\/div><\/div><div id='av_section_1' class='avia-section main_color avia-section-default avia-no-shadow avia-full-stretch av-parallax-section av-section-color-overlay-active avia-bg-style-parallax  av-minimum-height av-minimum-height-50 container_wrap fullsize'  data-section-bg-repeat='stretch' ><div class='av-parallax' data-avia-parallax-ratio='0.3' ><div class='av-parallax-inner main_color  avia-full-stretch' style = 'background-repeat: no-repeat; background-image: url(https:\/\/www.multiprosystem.eu\/vana\/wp-content\/uploads\/2015\/02\/photo-22-of-23-copy1.jpg); background-attachment: scroll; background-position: center center; ' ><\/div><\/div><div class='av-section-color-overlay-wrap'><div class='av-section-color-overlay' style='opacity: 0.5; background-color: #272727; '><\/div><div class='container' ><div class='template-page content  av-content-full alpha units'><div class='post-entry post-entry-type-page post-entry-12974'><div class='entry-content-wrapper clearfix'>\n<div style='padding-bottom:0px;color:#ffffff;font-size:50px;' class='av-special-heading av-special-heading-h3 custom-color-heading blockquote modern-quote modern-centered  av-inherit-size'><h3 class='av-special-heading-tag'  itemprop=\"headline\"  >Tulet\u00f5kkevahend Accoyale<\/h3><div class ='av-subheading av-subheading_below av_custom_color' style='font-size:15px;'><p>Pidev panustamime tooteinnovatsiooni on viinud meid j\u00e4rjekordse verstapostini \u2013 t\u00f6\u00f6tasime v\u00e4lja, sertifitseerisime ja t\u00f5ime turule Ultra-A, esimese B-s1,d0 klassi tulet\u00f5kkevahendi Accoya jaoks.<\/p>\n<\/div><div class='special-heading-border'><div class='special-heading-inner-border' style='border-color:#ffffff'><\/div><\/div><\/div>\n<div style=' margin-top:30px; margin-bottom:30px;'  class='hr hr-custom hr-center hr-icon-yes '><span class='hr-inner   inner-border-av-border-thin' style=' width:20%; border-color:rgba(255,255,255,0.76);' ><span class='hr-inner-style'><\/span><\/span><span class='av-seperator-icon' style='color:#ffffff;' aria-hidden='true' data-av_icon='\ue8bf' data-av_iconfont='entypo-fontello'><\/span><span class='hr-inner   inner-border-av-border-thin' style=' width:20%; border-color:rgba(255,255,255,0.76);' ><span class='hr-inner-style'><\/span><\/span><\/div>\n\n<\/div><\/div><\/div><!-- close content main div --><\/div><\/div><\/div><div id='ettevottest' class='avia-section main_color avia-section-default avia-shadow avia-bg-style-scroll  container_wrap fullsize' style = 'background-color: #ffffff; background-color: #ffffff; '  ><div class='container' ><div class='template-page content  av-content-full alpha units'><div class='post-entry post-entry-type-page post-entry-12974'><div class='entry-content-wrapper clearfix'>\n<div class=\"flex_column av_one_half  flex_column_div av-zero-column-padding first  \" style='border-radius:0px; '><section class=\"av_textblock_section\"  itemscope=\"itemscope\" itemtype=\"https:\/\/schema.org\/CreativeWork\" ><div class='avia_textblock '   itemprop=\"text\" ><p>Accoya, mille kohta selle tootja Accys Ltd. \u00fctleb <em>hi-tech wood<\/em> e. k\u00f5rgtehnoloogiline puit, kogub tuntust ja leiab \u00fcha laiemat kasutamist ka Eestis. Accoya valmistatakse tavapuidu atset\u00fc\u00fclimisprotsessis, mis on Accsys Ltd. poolt patenteeritud.<\/p>\n<p>Ent atset\u00fc\u00fclimine ei anna puidule tulekaitset &#8212; Accoya s\u00fcttib ja p\u00f5leb samamoodi v\u00f5i isegi paremini kui tavapuit. Olles eriline puit vajab Accoya ka spetsiaalset tulet\u00f5kkevahendit, mis peab olema justnimelt Accoya peal testitud ja sertifitseeritud. Tavapuidu jaoks m\u00f5eldud tulet\u00f5kke-immutusvahendid Accoya peal ei toimi ning tavapuidule v\u00e4lja antud sertifikaadid Accoya puhul ei kehti.<\/p>\n<p>Ultra-A on Accoya jaoks v\u00e4ljat\u00f6\u00f6tatud puiduimmutusvahend, mis sobib pealekandmiseks pihustiga, rullikuga, pintsliga v\u00f5i sissekastmise teel, v\u00e4rvimismasinates, aga ka surveimmutuseks autoklaavis. Ultra-Aga t\u00f6\u00f6tlemine j\u00e4\u00e4b Accoya pinna v\u00e4lja paistma naturaalsena ning toob paremini esile puidu tekstuuri.<\/p>\n<p>T\u00e4psema info saaamiseks Ultra-A kohta palun <a href=\"https:\/\/www.multiprosystem.euet\/#kontakt\">v\u00f5tke meiega \u00fchendust<\/a>.<\/p>\n<p>Accoya ei j\u00e4\u00e4 vastupidavuselt, m\u00f5\u00f5tmete stabiilsuselt ja v\u00e4limuselt alla parimatele troopilistele lehtpuupuitudele v\u00f5i isegi \u00fcletab neid. See sobib suurep\u00e4raselt kasutamiseks n\u00f5udlikes rakendustes, kus puidu m\u00f5\u00f5tmed ja omadused peavad aastaringselt \u00fchtlaset p\u00fcsima. Looduslikule puidule iseloomuliku ilu ning looduss\u00e4\u00e4stlikkuse ja vastupidavuse t\u00f5ttu on Accoya ideaalne valik majade fassaadidel kasutamiseks.<\/p>\n<p>Eestis esindab Accoyat <a href=\"http:\/\/www.fastwood.ee\/\">SBM Fastwood<\/a>.<\/p>\n<\/div><\/section><\/div><div class=\"flex_column av_one_half  flex_column_div av-zero-column-padding   \" style='border-radius:0px; '><div class='avia-image-container  av-styling-   avia-align-center '  itemscope=\"itemscope\" itemtype=\"https:\/\/schema.org\/ImageObject\"  ><div class='avia-image-container-inner'><img class='avia_image ' src='https:\/\/www.multiprosystem.eu\/vana\/wp-content\/uploads\/2017\/05\/Accoya_board-texture-a.jpg' alt='Fire Retardant for Accoya' title='Accoya,_board-texture a'   itemprop=\"contentURL\"  \/><\/div><\/div><\/div>\n","protected":false},"excerpt":{"rendered":"","protected":false},"author":1,"featured_media":0,"parent":12328,"menu_order":0,"comment_status":"closed","ping_status":"closed","template":"","meta":{"footnotes":""},"class_list":["post-12974","page","type-page","status-publish","hentry"],"yoast_head":"<!-- This site is optimized with the Yoast SEO plugin v15.3 - https:\/\/yoast.com\/wordpress\/plugins\/seo\/ -->\n<meta name=\"robots\" content=\"index, follow, max-snippet:-1, max-image-preview:large, max-video-preview:-1\" \/>\n<link rel=\"canonical\" href=\"https:\/\/www.multiprosystem.eu\/vana\/ru\/tuletokkevahendid\/accoya\/\" \/>\n<meta property=\"og:locale\" content=\"ru_RU\" \/>\n<meta property=\"og:type\" content=\"article\" \/>\n<meta property=\"og:title\" content=\"Tulet\u00f5kkevahend Accoyale - MultiPro System O\u00dc\" \/>\n<meta property=\"og:url\" content=\"https:\/\/www.multiprosystem.eu\/vana\/ru\/tuletokkevahendid\/accoya\/\" \/>\n<meta property=\"og:site_name\" content=\"MultiPro System O\u00dc\" \/>\n<meta property=\"article:modified_time\" content=\"2017-06-27T05:53:04+00:00\" \/>\n<meta name=\"twitter:card\" content=\"summary_large_image\" \/>\n<meta name=\"twitter:label1\" content=\"\u041d\u0430\u043f\u0438\u0441\u0430\u043d\u043e \u0430\u0432\u0442\u043e\u0440\u043e\u043c\">\n\t<meta name=\"twitter:data1\" content=\"admin\">\n\t<meta name=\"twitter:label2\" content=\"\u041f\u0440\u0438\u043c\u0435\u0440\u043d\u043e\u0435 \u0432\u0440\u0435\u043c\u044f \u0434\u043b\u044f \u0447\u0442\u0435\u043d\u0438\u044f\">\n\t<meta name=\"twitter:data2\" content=\"2 \u043c\u0438\u043d\u0443\u0442\u044b\">\n<script type=\"application\/ld+json\" class=\"yoast-schema-graph\">{\"@context\":\"https:\/\/schema.org\",\"@graph\":[{\"@type\":\"WebSite\",\"@id\":\"https:\/\/www.multiprosystem.eu\/vana\/et\/#website\",\"url\":\"https:\/\/www.multiprosystem.eu\/vana\/et\/\",\"name\":\"MultiPro System O\\u00dc\",\"description\":\"Top-of-the-line fire retardants\",\"potentialAction\":[{\"@type\":\"SearchAction\",\"target\":\"https:\/\/www.multiprosystem.eu\/vana\/et\/?s={search_term_string}\",\"query-input\":\"required name=search_term_string\"}],\"inLanguage\":\"ru-RU\"},{\"@type\":\"WebPage\",\"@id\":\"https:\/\/www.multiprosystem.eu\/vana\/ru\/tuletokkevahendid\/accoya\/#webpage\",\"url\":\"https:\/\/www.multiprosystem.eu\/vana\/ru\/tuletokkevahendid\/accoya\/\",\"name\":\"Tulet\\u00f5kkevahend Accoyale - MultiPro System O\\u00dc\",\"isPartOf\":{\"@id\":\"https:\/\/www.multiprosystem.eu\/vana\/et\/#website\"},\"datePublished\":\"2017-05-04T09:57:46+00:00\",\"dateModified\":\"2017-06-27T05:53:04+00:00\",\"inLanguage\":\"ru-RU\",\"potentialAction\":[{\"@type\":\"ReadAction\",\"target\":[\"https:\/\/www.multiprosystem.eu\/vana\/ru\/tuletokkevahendid\/accoya\/\"]}]}]}<\/script>\n<!-- \/ Yoast SEO plugin. -->","amp_validity":null,"amp_enabled":true,"_links":{"self":[{"href":"https:\/\/www.multiprosystem.eu\/vana\/ru\/wp-json\/wp\/v2\/pages\/12974","targetHints":{"allow":["GET"]}}],"collection":[{"href":"https:\/\/www.multiprosystem.eu\/vana\/ru\/wp-json\/wp\/v2\/pages"}],"about":[{"href":"https:\/\/www.multiprosystem.eu\/vana\/ru\/wp-json\/wp\/v2\/types\/page"}],"author":[{"embeddable":true,"href":"https:\/\/www.multiprosystem.eu\/vana\/ru\/wp-json\/wp\/v2\/users\/1"}],"replies":[{"embeddable":true,"href":"https:\/\/www.multiprosystem.eu\/vana\/ru\/wp-json\/wp\/v2\/comments?post=12974"}],"version-history":[{"count":2,"href":"https:\/\/www.multiprosystem.eu\/vana\/ru\/wp-json\/wp\/v2\/pages\/12974\/revisions"}],"predecessor-version":[{"id":13074,"href":"https:\/\/www.multiprosystem.eu\/vana\/ru\/wp-json\/wp\/v2\/pages\/12974\/revisions\/13074"}],"up":[{"embeddable":true,"href":"https:\/\/www.multiprosystem.eu\/vana\/ru\/wp-json\/wp\/v2\/pages\/12328"}],"wp:attachment":[{"href":"https:\/\/www.multiprosystem.eu\/vana\/ru\/wp-json\/wp\/v2\/media?parent=12974"}],"curies":[{"name":"wp","href":"https:\/\/api.w.org\/{rel}","templated":true}]}}